{"id":103,"date":"2020-06-09T08:52:22","date_gmt":"2020-06-09T08:52:22","guid":{"rendered":"https:\/\/simbolo.diabolo.historiasdaarte.com\/?page_id=103"},"modified":"2020-06-19T08:12:42","modified_gmt":"2020-06-19T08:12:42","slug":"curso","status":"publish","type":"page","link":"https:\/\/simbolo.diabolo.historiasdaarte.com\/?page_id=103","title":{"rendered":"CURSO"},"content":{"rendered":"<div align=\"justify\">\n<p>Curso te\u00f3rico<\/p>\n<p>Simbolo \u00e9 o que une, o que est\u00e1 submetido a um paradigma, a uma ordem. Diabolo o que desagrega essa ordem, o que exorbita e se mascara no excesso ca\u00f3tico. Tanto se pode associar \u00e0 <em>h\u00fcbris <\/em>do homem desmedido e que se desumaniza, como aos monstros que transbordam os limites do real ou aos simulacros que institucionalizam falsidades com mais peso do que a pr\u00f3pria realidade.<br \/>\nNeste curso seguiremos, ao longo dos tempos e em v\u00e1rias formas de manifesta\u00e7\u00f5es art\u00edsticas (pintura, gravura, arquitectura, cinema, instala\u00e7\u00f5es), o tr\u00e2nsito desta desorbita\u00e7\u00e3o das criaturas, dos homens, dos sonhos e pesadelos: muta\u00e7\u00f5es fant\u00e1sticas, utopias de efici\u00eancia e progresso e seus reversos dist\u00f3picos, fic\u00e7\u00f5es liter\u00e1rias e projectos pol\u00edticos paralelos, \u00eddolos fantasm\u00e1ticos de realidades virtuais que tamb\u00e9m <em>cracham<\/em>.<\/p>\n<\/div>\n<h3 align=\"center\"> <mark> <strong>Ar.Co.<br \/>\n13, 15, 20 e 22 Julho<br \/>\n2\u00aa e 4\u00aa das 18h \u00e0s 20h<br \/>\nsess\u00f5es \u00e0 dist\u00e2ncia (Zoom)<\/strong><\/mark><\/h3>\n","protected":false},"excerpt":{"rendered":"<p>Curso te\u00f3rico Simbolo \u00e9 o que une, o que est\u00e1 submetido a um paradigma, a uma ordem. Diabolo o que desagrega essa ordem, o que exorbita e se mascara no excesso ca\u00f3tico. Tanto se pode associar \u00e0 h\u00fcbris do homem desmedido e que se desumaniza, como aos monstros que transbordam os limites do real ou [&hellip;]<\/p>\n","protected":false},"author":1,"featured_media":160,"parent":0,"menu_order":1,"comment_status":"closed","ping_status":"closed","template":"","meta":{"footnotes":""},"class_list":["post-103","page","type-page","status-publish","has-post-thumbnail","hentry"],"jetpack_sharing_enabled":true,"_links":{"self":[{"href":"https:\/\/simbolo.diabolo.historiasdaarte.com\/index.php?rest_route=\/wp\/v2\/pages\/103","targetHints":{"allow":["GET"]}}],"collection":[{"href":"https:\/\/simbolo.diabolo.historiasdaarte.com\/index.php?rest_route=\/wp\/v2\/pages"}],"about":[{"href":"https:\/\/simbolo.diabolo.historiasdaarte.com\/index.php?rest_route=\/wp\/v2\/types\/page"}],"author":[{"embeddable":true,"href":"https:\/\/simbolo.diabolo.historiasdaarte.com\/index.php?rest_route=\/wp\/v2\/users\/1"}],"replies":[{"embeddable":true,"href":"https:\/\/simbolo.diabolo.historiasdaarte.com\/index.php?rest_route=%2Fwp%2Fv2%2Fcomments&post=103"}],"version-history":[{"count":8,"href":"https:\/\/simbolo.diabolo.historiasdaarte.com\/index.php?rest_route=\/wp\/v2\/pages\/103\/revisions"}],"predecessor-version":[{"id":206,"href":"https:\/\/simbolo.diabolo.historiasdaarte.com\/index.php?rest_route=\/wp\/v2\/pages\/103\/revisions\/206"}],"wp:featuredmedia":[{"embeddable":true,"href":"https:\/\/simbolo.diabolo.historiasdaarte.com\/index.php?rest_route=\/wp\/v2\/media\/160"}],"wp:attachment":[{"href":"https:\/\/simbolo.diabolo.historiasdaarte.com\/index.php?rest_route=%2Fwp%2Fv2%2Fmedia&parent=103"}],"curies":[{"name":"wp","href":"https:\/\/api.w.org\/{rel}","templated":true}]}}